{"id":732,"date":"2019-02-26T17:09:38","date_gmt":"2019-02-26T16:09:38","guid":{"rendered":"http:\/\/fundacjadomkultury.pl\/?page_id=732"},"modified":"2019-02-26T17:09:38","modified_gmt":"2019-02-26T16:09:38","slug":"sztuka-wspolczesna-w-polske-idzie","status":"publish","type":"page","link":"https:\/\/fundacjadomkultury.pl\/en\/sztuka-wspolczesna-w-polske-idzie\/","title":{"rendered":"Sztuka wsp\u00f3\u0142czesna w Polsk\u0119 idzie"},"content":{"rendered":"<div id=\"pl-732\"  class=\"panel-layout\" ><div id=\"pg-732-0\"  class=\"panel-grid panel-no-style\" ><div id=\"pgc-732-0-0\"  class=\"panel-grid-cell\" ><div id=\"panel-732-0-0-0\" class=\"so-panel widget widget_sow-editor panel-first-child\" data-index=\"0\" ><div\n\t\t\t\n\t\t\tclass=\"so-widget-sow-editor so-widget-sow-editor-base\"\n\t\t\t\n\t\t>\n<div class=\"siteorigin-widget-tinymce textwidget\">\n\t<p style=\"text-align: justify;\">Co zrobi\u0107, by najciekawsze zjawiska kulturalne dost\u0119pne by\u0142y dla mieszka\u0144c\u00f3w miejscowo\u015bci po\u0142o\u017conych z dala od centr\u00f3w kultury? Nasza Fundacja ma odpowied\u017a: dowie\u017a\u0107 je im.<\/p>\n<p style=\"text-align: justify;\">W 2014 roku urz\u0105dzili\u015bmy festiwale sztuki wsp\u00f3\u0142czesnej dla m\u0142odzie\u017cy gimnazjalnej z P\u0142o\u0144ska, Przasnysza i Makowa Mazowieckiego.<\/p>\n<p style=\"text-align: justify;\">Reaktor \u2013 Laboratorium Rze\u017aby poprowadzi\u0142 warsztaty rze\u017aby makaronowej, Eliza Proszczuk tkanie krajek na bardkach, a Waldek Petryk malowanie wielkoformatowe i instalacje przestrzenne. Warsztaty trwa\u0142y prawie ca\u0142y dzie\u0144, ka\u017cdego dnia w innym mie\u015bcie. M\u0142odzie\u017c pracowa\u0142a w grupach z artystami. Wszystkie dzia\u0142ania nawi\u0105zywa\u0142y do rzeczywisto\u015bci miejsca, w kt\u00f3rym si\u0119 odbywa\u0142y, do dziedzictwa kulturowego regionu. Na koniec ka\u017cdego festiwalu odby\u0142o si\u0119 oprowadzanie z przewodnikiem po powsta\u0142ych pracach.<\/p>\n<p style=\"text-align: justify;\">Przy realizacji\u00a0 festiwali wsp\u00f3\u0142pracowali\u015bmy z Bibliotek\u0105 Miejsk\u0105 im. H. Sienkiewicza w P\u0142o\u0144sku, Miejskim Domem Kultury w Makowie Mazowieckim i Miejskim Domem Kultury w Przasnyszu.<\/p>\n<p>Projekt zosta\u0142\u00a0dofinansowany ze \u015brodk\u00f3w Ministra Kultury i Dziedzictwa Narodowego.<\/p>\n<p>Wzi\u0119\u0142o w nim udzia\u0142 150 os\u00f3b, uczni\u00f3w i nauczycieli.<\/p>\n<p><img loading=\"lazy\" decoding=\"async\" class=\"alignleft size-full wp-image-577\" src=\"http:\/\/fundacjadomkultury.pl\/wp-content\/uploads\/mkidn-e1550170474161.jpg\" alt=\"\" width=\"100\" height=\"100\" \/><\/p>\n<p>\u00a0<\/p>\n<p>\u00a0<\/p>\n<p>\u00a0<\/p>\n<p>\u00a0<\/p>\n<\/div>\n<\/div><\/div><div id=\"panel-732-0-0-1\" class=\"so-panel widget widget_media_gallery panel-last-child\" data-index=\"1\" ><div id='gallery-1' class='gallery galleryid-732 gallery-columns-3 gallery-size-thumbnail'><figure class='gallery-item'>\n\t\t\t<div class='gallery-icon portrait'>\n\t\t\t\t<a href='https:\/\/fundacjadomkultury.pl\/en\/wp-content\/uploads\/2018\/09\/Zdjecie-glowne-projektu-foto_-Malgorzata-Brus.jpg' rel=\"lightbox[gallery-0]\"><img loading=\"lazy\" decoding=\"async\" width=\"150\" height=\"150\" src=\"https:\/\/fundacjadomkultury.pl\/en\/wp-content\/uploads\/2018\/09\/Zdjecie-glowne-projektu-foto_-Malgorzata-Brus-150x150.jpg\" class=\"attachment-thumbnail size-thumbnail\" alt=\"\" \/><\/a>\n\t\t\t<\/div><\/figure><figure class='gallery-item'>\n\t\t\t<div class='gallery-icon landscape'>\n\t\t\t\t<a href='https:\/\/fundacjadomkultury.pl\/en\/wp-content\/uploads\/2018\/09\/Warsztaty-rzezby-z-makaronu-foto_-Malgorzata-Brus.jpg' rel=\"lightbox[gallery-0]\"><img loading=\"lazy\" decoding=\"async\" width=\"150\" height=\"150\" src=\"https:\/\/fundacjadomkultury.pl\/en\/wp-content\/uploads\/2018\/09\/Warsztaty-rzezby-z-makaronu-foto_-Malgorzata-Brus-150x150.jpg\" class=\"attachment-thumbnail size-thumbnail\" alt=\"\" \/><\/a>\n\t\t\t<\/div><\/figure><figure class='gallery-item'>\n\t\t\t<div class='gallery-icon landscape'>\n\t\t\t\t<a href='https:\/\/fundacjadomkultury.pl\/en\/wp-content\/uploads\/2018\/09\/Warsztaty-malarskie-foto_-Malgorzata-Brus.jpg' rel=\"lightbox[gallery-0]\"><img loading=\"lazy\" decoding=\"async\" width=\"150\" height=\"150\" src=\"https:\/\/fundacjadomkultury.pl\/en\/wp-content\/uploads\/2018\/09\/Warsztaty-malarskie-foto_-Malgorzata-Brus-150x150.jpg\" class=\"attachment-thumbnail size-thumbnail\" alt=\"\" \/><\/a>\n\t\t\t<\/div><\/figure><figure class='gallery-item'>\n\t\t\t<div class='gallery-icon landscape'>\n\t\t\t\t<a href='https:\/\/fundacjadomkultury.pl\/en\/wp-content\/uploads\/2018\/09\/MDK-Makow-Mazowiecki-foto_-Malgorzata-Brus.jpg' rel=\"lightbox[gallery-0]\"><img loading=\"lazy\" decoding=\"async\" width=\"150\" height=\"150\" src=\"https:\/\/fundacjadomkultury.pl\/en\/wp-content\/uploads\/2018\/09\/MDK-Makow-Mazowiecki-foto_-Malgorzata-Brus-150x150.jpg\" class=\"attachment-thumbnail size-thumbnail\" alt=\"\" \/><\/a>\n\t\t\t<\/div><\/figure><figure class='gallery-item'>\n\t\t\t<div class='gallery-icon landscape'>\n\t\t\t\t<a href='https:\/\/fundacjadomkultury.pl\/en\/wp-content\/uploads\/2018\/09\/Bardko-foto_-Malgorzata-Brus.jpg' rel=\"lightbox[gallery-0]\"><img loading=\"lazy\" decoding=\"async\" width=\"150\" height=\"150\" src=\"https:\/\/fundacjadomkultury.pl\/en\/wp-content\/uploads\/2018\/09\/Bardko-foto_-Malgorzata-Brus-150x150.jpg\" class=\"attachment-thumbnail size-thumbnail\" alt=\"\" \/><\/a>\n\t\t\t<\/div><\/figure>\n\t\t<\/div>\n<\/div><\/div><\/div><\/div>","protected":false},"excerpt":{"rendered":"<p>Co zrobi\u0107, by najciekawsze zjawiska kulturalne dost\u0119pne by\u0142y dla mieszka\u0144c\u00f3w miejscowo\u015bci po\u0142o\u017conych z dala od centr\u00f3w &hellip; <a href=\"https:\/\/fundacjadomkultury.pl\/en\/sztuka-wspolczesna-w-polske-idzie\/\" class=\"more-link\">Czytaj dalej<span class=\"screen-reader-text\"> \u201eSztuka wsp\u00f3\u0142czesna w Polsk\u0119 idzie\u201d<\/span><\/a><\/p>\n","protected":false},"author":1,"featured_media":0,"parent":0,"menu_order":0,"comment_status":"closed","ping_status":"closed","template":"","meta":{"footnotes":""},"class_list":["post-732","page","type-page","status-publish","hentry"],"yoast_head":"<!-- This site is optimized with the Yoast SEO plugin v27.6 - https:\/\/yoast.com\/product\/yoast-seo-wordpress\/ -->\n<title>Sztuka wsp\u00f3\u0142czesna w Polsk\u0119 idzie - Fundacja Dom Kultury<\/title>\n<meta name=\"robots\" content=\"index, follow, max-snippet:-1, max-image-preview:large, max-video-preview:-1\" \/>\n<link rel=\"canonical\" href=\"https:\/\/fundacjadomkultury.pl\/en\/sztuka-wspolczesna-w-polske-idzie\/\" \/>\n<meta property=\"og:locale\" content=\"pl_PL\" \/>\n<meta property=\"og:type\" content=\"article\" \/>\n<meta property=\"og:title\" content=\"Sztuka wsp\u00f3\u0142czesna w Polsk\u0119 idzie - Fundacja Dom Kultury\" \/>\n<meta property=\"og:description\" content=\"Co zrobi\u0107, by najciekawsze zjawiska kulturalne dost\u0119pne by\u0142y dla mieszka\u0144c\u00f3w miejscowo\u015bci po\u0142o\u017conych z dala od centr\u00f3w &hellip; Czytaj dalej \u201eSztuka wsp\u00f3\u0142czesna w Polsk\u0119 idzie\u201d\" \/>\n<meta property=\"og:url\" content=\"https:\/\/fundacjadomkultury.pl\/en\/sztuka-wspolczesna-w-polske-idzie\/\" \/>\n<meta property=\"og:site_name\" content=\"Fundacja Dom Kultury\" \/>\n<meta property=\"og:image\" content=\"http:\/\/fundacjadomkultury.pl\/wp-content\/uploads\/mkidn-e1550170474161.jpg\" \/>\n<meta name=\"twitter:card\" content=\"summary_large_image\" \/>\n<meta name=\"twitter:label1\" content=\"Szacowany czas czytania\" \/>\n\t<meta name=\"twitter:data1\" content=\"1 minuta\" \/>\n<script type=\"application\/ld+json\" class=\"yoast-schema-graph\">{\"@context\":\"https:\\\/\\\/schema.org\",\"@graph\":[{\"@type\":\"WebPage\",\"@id\":\"https:\\\/\\\/fundacjadomkultury.pl\\\/en\\\/sztuka-wspolczesna-w-polske-idzie\\\/\",\"url\":\"https:\\\/\\\/fundacjadomkultury.pl\\\/en\\\/sztuka-wspolczesna-w-polske-idzie\\\/\",\"name\":\"Sztuka wsp\u00f3\u0142czesna w Polsk\u0119 idzie - Fundacja Dom Kultury\",\"isPartOf\":{\"@id\":\"https:\\\/\\\/fundacjadomkultury.pl\\\/en\\\/#website\"},\"primaryImageOfPage\":{\"@id\":\"https:\\\/\\\/fundacjadomkultury.pl\\\/en\\\/sztuka-wspolczesna-w-polske-idzie\\\/#primaryimage\"},\"image\":{\"@id\":\"https:\\\/\\\/fundacjadomkultury.pl\\\/en\\\/sztuka-wspolczesna-w-polske-idzie\\\/#primaryimage\"},\"thumbnailUrl\":\"http:\\\/\\\/fundacjadomkultury.pl\\\/wp-content\\\/uploads\\\/mkidn-e1550170474161.jpg\",\"datePublished\":\"2019-02-26T16:09:38+00:00\",\"breadcrumb\":{\"@id\":\"https:\\\/\\\/fundacjadomkultury.pl\\\/en\\\/sztuka-wspolczesna-w-polske-idzie\\\/#breadcrumb\"},\"inLanguage\":\"pl-PL\",\"potentialAction\":[{\"@type\":\"ReadAction\",\"target\":[\"https:\\\/\\\/fundacjadomkultury.pl\\\/en\\\/sztuka-wspolczesna-w-polske-idzie\\\/\"]}]},{\"@type\":\"ImageObject\",\"inLanguage\":\"pl-PL\",\"@id\":\"https:\\\/\\\/fundacjadomkultury.pl\\\/en\\\/sztuka-wspolczesna-w-polske-idzie\\\/#primaryimage\",\"url\":\"http:\\\/\\\/fundacjadomkultury.pl\\\/wp-content\\\/uploads\\\/mkidn-e1550170474161.jpg\",\"contentUrl\":\"http:\\\/\\\/fundacjadomkultury.pl\\\/wp-content\\\/uploads\\\/mkidn-e1550170474161.jpg\"},{\"@type\":\"BreadcrumbList\",\"@id\":\"https:\\\/\\\/fundacjadomkultury.pl\\\/en\\\/sztuka-wspolczesna-w-polske-idzie\\\/#breadcrumb\",\"itemListElement\":[{\"@type\":\"ListItem\",\"position\":1,\"name\":\"Strona g\u0142\u00f3wna\",\"item\":\"https:\\\/\\\/fundacjadomkultury.pl\\\/en\\\/\"},{\"@type\":\"ListItem\",\"position\":2,\"name\":\"Sztuka wsp\u00f3\u0142czesna w Polsk\u0119 idzie\"}]},{\"@type\":\"WebSite\",\"@id\":\"https:\\\/\\\/fundacjadomkultury.pl\\\/en\\\/#website\",\"url\":\"https:\\\/\\\/fundacjadomkultury.pl\\\/en\\\/\",\"name\":\"Fundacja Dom Kultury\",\"description\":\"Kolejna witryna oparta na WordPressie\",\"potentialAction\":[{\"@type\":\"SearchAction\",\"target\":{\"@type\":\"EntryPoint\",\"urlTemplate\":\"https:\\\/\\\/fundacjadomkultury.pl\\\/en\\\/?s={search_term_string}\"},\"query-input\":{\"@type\":\"PropertyValueSpecification\",\"valueRequired\":true,\"valueName\":\"search_term_string\"}}],\"inLanguage\":\"pl-PL\"}]}<\/script>\n<!-- \/ Yoast SEO plugin. -->","yoast_head_json":{"title":"Sztuka wsp\u00f3\u0142czesna w Polsk\u0119 idzie - Fundacja Dom Kultury","robots":{"index":"index","follow":"follow","max-snippet":"max-snippet:-1","max-image-preview":"max-image-preview:large","max-video-preview":"max-video-preview:-1"},"canonical":"https:\/\/fundacjadomkultury.pl\/en\/sztuka-wspolczesna-w-polske-idzie\/","og_locale":"pl_PL","og_type":"article","og_title":"Sztuka wsp\u00f3\u0142czesna w Polsk\u0119 idzie - Fundacja Dom Kultury","og_description":"Co zrobi\u0107, by najciekawsze zjawiska kulturalne dost\u0119pne by\u0142y dla mieszka\u0144c\u00f3w miejscowo\u015bci po\u0142o\u017conych z dala od centr\u00f3w &hellip; Czytaj dalej \u201eSztuka wsp\u00f3\u0142czesna w Polsk\u0119 idzie\u201d","og_url":"https:\/\/fundacjadomkultury.pl\/en\/sztuka-wspolczesna-w-polske-idzie\/","og_site_name":"Fundacja Dom Kultury","og_image":[{"url":"http:\/\/fundacjadomkultury.pl\/wp-content\/uploads\/mkidn-e1550170474161.jpg","type":"","width":"","height":""}],"twitter_card":"summary_large_image","twitter_misc":{"Szacowany czas czytania":"1 minuta"},"schema":{"@context":"https:\/\/schema.org","@graph":[{"@type":"WebPage","@id":"https:\/\/fundacjadomkultury.pl\/en\/sztuka-wspolczesna-w-polske-idzie\/","url":"https:\/\/fundacjadomkultury.pl\/en\/sztuka-wspolczesna-w-polske-idzie\/","name":"Sztuka wsp\u00f3\u0142czesna w Polsk\u0119 idzie - Fundacja Dom Kultury","isPartOf":{"@id":"https:\/\/fundacjadomkultury.pl\/en\/#website"},"primaryImageOfPage":{"@id":"https:\/\/fundacjadomkultury.pl\/en\/sztuka-wspolczesna-w-polske-idzie\/#primaryimage"},"image":{"@id":"https:\/\/fundacjadomkultury.pl\/en\/sztuka-wspolczesna-w-polske-idzie\/#primaryimage"},"thumbnailUrl":"http:\/\/fundacjadomkultury.pl\/wp-content\/uploads\/mkidn-e1550170474161.jpg","datePublished":"2019-02-26T16:09:38+00:00","breadcrumb":{"@id":"https:\/\/fundacjadomkultury.pl\/en\/sztuka-wspolczesna-w-polske-idzie\/#breadcrumb"},"inLanguage":"pl-PL","potentialAction":[{"@type":"ReadAction","target":["https:\/\/fundacjadomkultury.pl\/en\/sztuka-wspolczesna-w-polske-idzie\/"]}]},{"@type":"ImageObject","inLanguage":"pl-PL","@id":"https:\/\/fundacjadomkultury.pl\/en\/sztuka-wspolczesna-w-polske-idzie\/#primaryimage","url":"http:\/\/fundacjadomkultury.pl\/wp-content\/uploads\/mkidn-e1550170474161.jpg","contentUrl":"http:\/\/fundacjadomkultury.pl\/wp-content\/uploads\/mkidn-e1550170474161.jpg"},{"@type":"BreadcrumbList","@id":"https:\/\/fundacjadomkultury.pl\/en\/sztuka-wspolczesna-w-polske-idzie\/#breadcrumb","itemListElement":[{"@type":"ListItem","position":1,"name":"Strona g\u0142\u00f3wna","item":"https:\/\/fundacjadomkultury.pl\/en\/"},{"@type":"ListItem","position":2,"name":"Sztuka wsp\u00f3\u0142czesna w Polsk\u0119 idzie"}]},{"@type":"WebSite","@id":"https:\/\/fundacjadomkultury.pl\/en\/#website","url":"https:\/\/fundacjadomkultury.pl\/en\/","name":"Fundacja Dom Kultury","description":"Kolejna witryna oparta na WordPressie","potentialAction":[{"@type":"SearchAction","target":{"@type":"EntryPoint","urlTemplate":"https:\/\/fundacjadomkultury.pl\/en\/?s={search_term_string}"},"query-input":{"@type":"PropertyValueSpecification","valueRequired":true,"valueName":"search_term_string"}}],"inLanguage":"pl-PL"}]}},"_links":{"self":[{"href":"https:\/\/fundacjadomkultury.pl\/en\/wp-json\/wp\/v2\/pages\/732","targetHints":{"allow":["GET"]}}],"collection":[{"href":"https:\/\/fundacjadomkultury.pl\/en\/wp-json\/wp\/v2\/pages"}],"about":[{"href":"https:\/\/fundacjadomkultury.pl\/en\/wp-json\/wp\/v2\/types\/page"}],"author":[{"embeddable":true,"href":"https:\/\/fundacjadomkultury.pl\/en\/wp-json\/wp\/v2\/users\/1"}],"replies":[{"embeddable":true,"href":"https:\/\/fundacjadomkultury.pl\/en\/wp-json\/wp\/v2\/comments?post=732"}],"version-history":[{"count":0,"href":"https:\/\/fundacjadomkultury.pl\/en\/wp-json\/wp\/v2\/pages\/732\/revisions"}],"wp:attachment":[{"href":"https:\/\/fundacjadomkultury.pl\/en\/wp-json\/wp\/v2\/media?parent=732"}],"curies":[{"name":"wp","href":"https:\/\/api.w.org\/{rel}","templated":true}]}}