{"id":2948,"date":"2019-08-10T17:55:24","date_gmt":"2019-08-10T15:55:24","guid":{"rendered":"http:\/\/fundacjadomkultury.pl\/?page_id=2948"},"modified":"2019-08-10T17:55:24","modified_gmt":"2019-08-10T15:55:24","slug":"jame-roma-my-romowie","status":"publish","type":"page","link":"https:\/\/fundacjadomkultury.pl\/en\/jame-roma-my-romowie\/","title":{"rendered":"Jame Roma (My, Romowie)"},"content":{"rendered":"<div id=\"pl-2948\"  class=\"panel-layout\" >\n<div id=\"pg-2948-0\"  class=\"panel-grid panel-no-style\" >\n<div id=\"pgc-2948-0-0\"  class=\"panel-grid-cell\"  data-weight=\"1\" >\n<div id=\"panel-2948-0-0-0\" class=\"so-panel widget widget_sow-editor panel-first-child\" data-index=\"0\" >\n<div class=\"so-widget-sow-editor so-widget-sow-editor-base\">\n<div class=\"siteorigin-widget-tinymce textwidget\">\n\tW ramach tego projektu dzieci romskie poznawa\u0142y swoje dziedzictwo kulturowe. Przez prawie p\u00f3\u0142 roku wsp\u00f3lnie z romskimi animatorami i artystami porz\u0105dkowali\u015bmy wiedz\u0119 o romskim j\u0119zyku, imionach, legendach, zwyczajach, by na koniec zbudowa\u0107 prawdziwy, cho\u0107 w wersji mini, tabor.<br \/>\nWydarzenie \u201eNasz tabor\u201d, przygotowane przez dzieci, prezentowa\u0142o owoce ich pracy: legend\u0119 o ludzie Roma, ksi\u0119g\u0119 romskich imion i cyga\u0144ski w\u00f3z. Na wydarzenie do Centrum Wielokulturowego zaprosili\u015bmy uczni\u00f3w z okolicznych praskich szk\u00f3\u0142 podstawowych.<br \/>\nTabor &#8211; ikona romskiej kultury, obiekt marze\u0144 wsp\u00f3\u0142czesnych ma\u0142ych Rom\u00f3w by\u0142  pretekstem do zaprezentowania publiczno\u015bci efekt\u00f3w pracy uczestnik\u00f3w warsztat\u00f3w, ich przemy\u015ble\u0144 i dzia\u0142a\u0144. Pod okiem artystki Ma\u0142gorzaty Brus zbudowali\u015bmy go na wz\u00f3r oryginalnego zabytkowego wozu romskiego, b\u0119d\u0105cego w\u0142asno\u015bci\u0105 Andrzeja Grzyma\u0142a-Kaz\u0142owskiego.<br \/>\nPrezentacji towarzyszy\u0142a prelekcja o historii i kulturze polskich Rom\u00f3w, miniwystawa zdj\u0119\u0107 Ma\u0142gorzaty Brus i klipy Janka Mioduchowskiego b\u0119d\u0105ce dokumentacj\u0105 z projektu. A tak\u017ce pocz\u0119stunek cyga\u0144sk\u0105 herbat\u0105 z jab\u0142kami, s\u0142odzon\u0105 landrynkami.<br \/>\nProjekt &#8222;Jame Roma&#8221; zosta\u0142 zrealizowany przez Fundacj\u0119 Dom Kultury w 2017 roku dzi\u0119ki sfinansowaniu ze \u015brodk\u00f3w Ministerstwa Spraw Wewn\u0119trznych i Administracji w ramach Programu integracji spo\u0142eczno\u015bci romskiej w Polsce na lata 2014-2020. Jego opiekunk\u0105 merytoryczn\u0105 by\u0142a Agnieszka Caban\n<\/div>\n<\/div>\n<\/div>\n<div id=\"panel-2948-0-0-1\" class=\"so-panel widget widget_media_gallery\" data-index=\"1\" data-style=\"{&quot;background_image_attachment&quot;:false,&quot;background_display&quot;:&quot;tile&quot;}\" ><div id='gallery-1' class='gallery galleryid-2948 gallery-columns-3 gallery-size-thumbnail'><figure class='gallery-item'>\n\t\t\t<div class='gallery-icon landscape'>\n\t\t\t\t<a href='https:\/\/fundacjadomkultury.pl\/en\/wp-content\/uploads\/2019\/08\/DSC_0991-1-1.jpg' rel=\"lightbox[gallery-0]\"><img loading=\"lazy\" decoding=\"async\" width=\"150\" height=\"150\" src=\"https:\/\/fundacjadomkultury.pl\/en\/wp-content\/uploads\/2019\/08\/DSC_0991-1-1-150x150.jpg\" class=\"attachment-thumbnail size-thumbnail\" alt=\"\" \/><\/a>\n\t\t\t<\/div><\/figure><figure class='gallery-item'>\n\t\t\t<div class='gallery-icon landscape'>\n\t\t\t\t<a href='https:\/\/fundacjadomkultury.pl\/en\/wp-content\/uploads\/2019\/08\/DSC_0999-1.jpg' rel=\"lightbox[gallery-0]\"><img loading=\"lazy\" decoding=\"async\" width=\"150\" height=\"150\" src=\"https:\/\/fundacjadomkultury.pl\/en\/wp-content\/uploads\/2019\/08\/DSC_0999-1-150x150.jpg\" class=\"attachment-thumbnail size-thumbnail\" alt=\"\" \/><\/a>\n\t\t\t<\/div><\/figure><figure class='gallery-item'>\n\t\t\t<div class='gallery-icon landscape'>\n\t\t\t\t<a href='https:\/\/fundacjadomkultury.pl\/en\/wp-content\/uploads\/2019\/08\/DSC_1264.jpg' rel=\"lightbox[gallery-0]\"><img loading=\"lazy\" decoding=\"async\" width=\"150\" height=\"150\" src=\"https:\/\/fundacjadomkultury.pl\/en\/wp-content\/uploads\/2019\/08\/DSC_1264-150x150.jpg\" class=\"attachment-thumbnail size-thumbnail\" alt=\"\" \/><\/a>\n\t\t\t<\/div><\/figure><figure class='gallery-item'>\n\t\t\t<div class='gallery-icon landscape'>\n\t\t\t\t<a href='https:\/\/fundacjadomkultury.pl\/en\/wp-content\/uploads\/2019\/08\/DSC_0999.jpg' rel=\"lightbox[gallery-0]\"><img loading=\"lazy\" decoding=\"async\" width=\"150\" height=\"150\" src=\"https:\/\/fundacjadomkultury.pl\/en\/wp-content\/uploads\/2019\/08\/DSC_0999-150x150.jpg\" class=\"attachment-thumbnail size-thumbnail\" alt=\"\" \/><\/a>\n\t\t\t<\/div><\/figure><figure class='gallery-item'>\n\t\t\t<div class='gallery-icon landscape'>\n\t\t\t\t<a href='https:\/\/fundacjadomkultury.pl\/en\/wp-content\/uploads\/2019\/08\/DSC_0991-2.jpg' rel=\"lightbox[gallery-0]\"><img loading=\"lazy\" decoding=\"async\" width=\"150\" height=\"150\" src=\"https:\/\/fundacjadomkultury.pl\/en\/wp-content\/uploads\/2019\/08\/DSC_0991-2-150x150.jpg\" class=\"attachment-thumbnail size-thumbnail\" alt=\"\" \/><\/a>\n\t\t\t<\/div><\/figure><figure class='gallery-item'>\n\t\t\t<div class='gallery-icon landscape'>\n\t\t\t\t<a href='https:\/\/fundacjadomkultury.pl\/en\/wp-content\/uploads\/2019\/08\/DSC_1264-1.jpg' rel=\"lightbox[gallery-0]\"><img loading=\"lazy\" decoding=\"async\" width=\"150\" height=\"150\" src=\"https:\/\/fundacjadomkultury.pl\/en\/wp-content\/uploads\/2019\/08\/DSC_1264-1-150x150.jpg\" class=\"attachment-thumbnail size-thumbnail\" alt=\"\" \/><\/a>\n\t\t\t<\/div><\/figure><figure class='gallery-item'>\n\t\t\t<div class='gallery-icon landscape'>\n\t\t\t\t<a href='https:\/\/fundacjadomkultury.pl\/en\/wp-content\/uploads\/2019\/08\/DSC_0830.jpg' rel=\"lightbox[gallery-0]\"><img loading=\"lazy\" decoding=\"async\" width=\"150\" height=\"150\" src=\"https:\/\/fundacjadomkultury.pl\/en\/wp-content\/uploads\/2019\/08\/DSC_0830-150x150.jpg\" class=\"attachment-thumbnail size-thumbnail\" alt=\"\" \/><\/a>\n\t\t\t<\/div><\/figure><figure class='gallery-item'>\n\t\t\t<div class='gallery-icon landscape'>\n\t\t\t\t<a href='https:\/\/fundacjadomkultury.pl\/en\/wp-content\/uploads\/2019\/08\/DSC_0984.jpg' rel=\"lightbox[gallery-0]\"><img loading=\"lazy\" decoding=\"async\" width=\"150\" height=\"150\" src=\"https:\/\/fundacjadomkultury.pl\/en\/wp-content\/uploads\/2019\/08\/DSC_0984-150x150.jpg\" class=\"attachment-thumbnail size-thumbnail\" alt=\"\" \/><\/a>\n\t\t\t<\/div><\/figure><figure class='gallery-item'>\n\t\t\t<div class='gallery-icon landscape'>\n\t\t\t\t<a href='https:\/\/fundacjadomkultury.pl\/en\/wp-content\/uploads\/2019\/08\/DSC_0977-1.jpg' rel=\"lightbox[gallery-0]\"><img loading=\"lazy\" decoding=\"async\" width=\"150\" height=\"150\" src=\"https:\/\/fundacjadomkultury.pl\/en\/wp-content\/uploads\/2019\/08\/DSC_0977-1-150x150.jpg\" class=\"attachment-thumbnail size-thumbnail\" alt=\"\" \/><\/a>\n\t\t\t<\/div><\/figure><figure class='gallery-item'>\n\t\t\t<div class='gallery-icon landscape'>\n\t\t\t\t<a href='https:\/\/fundacjadomkultury.pl\/en\/wp-content\/uploads\/2019\/08\/DSC_1268.jpg' rel=\"lightbox[gallery-0]\"><img loading=\"lazy\" decoding=\"async\" width=\"150\" height=\"150\" src=\"https:\/\/fundacjadomkultury.pl\/en\/wp-content\/uploads\/2019\/08\/DSC_1268-150x150.jpg\" class=\"attachment-thumbnail size-thumbnail\" alt=\"\" \/><\/a>\n\t\t\t<\/div><\/figure><figure class='gallery-item'>\n\t\t\t<div class='gallery-icon landscape'>\n\t\t\t\t<a href='https:\/\/fundacjadomkultury.pl\/en\/wp-content\/uploads\/2019\/08\/DSC_0439.jpg' rel=\"lightbox[gallery-0]\"><img loading=\"lazy\" decoding=\"async\" width=\"150\" height=\"150\" src=\"https:\/\/fundacjadomkultury.pl\/en\/wp-content\/uploads\/2019\/08\/DSC_0439-150x150.jpg\" class=\"attachment-thumbnail size-thumbnail\" alt=\"\" \/><\/a>\n\t\t\t<\/div><\/figure><figure class='gallery-item'>\n\t\t\t<div class='gallery-icon landscape'>\n\t\t\t\t<a href='https:\/\/fundacjadomkultury.pl\/en\/wp-content\/uploads\/2019\/08\/DSC_0434.jpg' rel=\"lightbox[gallery-0]\"><img loading=\"lazy\" decoding=\"async\" width=\"150\" height=\"150\" src=\"https:\/\/fundacjadomkultury.pl\/en\/wp-content\/uploads\/2019\/08\/DSC_0434-150x150.jpg\" class=\"attachment-thumbnail size-thumbnail\" alt=\"\" \/><\/a>\n\t\t\t<\/div><\/figure><figure class='gallery-item'>\n\t\t\t<div class='gallery-icon landscape'>\n\t\t\t\t<a href='https:\/\/fundacjadomkultury.pl\/en\/wp-content\/uploads\/2019\/08\/DSC_0468.jpg' rel=\"lightbox[gallery-0]\"><img loading=\"lazy\" decoding=\"async\" width=\"150\" height=\"150\" src=\"https:\/\/fundacjadomkultury.pl\/en\/wp-content\/uploads\/2019\/08\/DSC_0468-150x150.jpg\" class=\"attachment-thumbnail size-thumbnail\" alt=\"\" \/><\/a>\n\t\t\t<\/div><\/figure><figure class='gallery-item'>\n\t\t\t<div class='gallery-icon landscape'>\n\t\t\t\t<a href='https:\/\/fundacjadomkultury.pl\/en\/wp-content\/uploads\/2019\/08\/DSC_0128-2.jpg' rel=\"lightbox[gallery-0]\"><img loading=\"lazy\" decoding=\"async\" width=\"150\" height=\"150\" src=\"https:\/\/fundacjadomkultury.pl\/en\/wp-content\/uploads\/2019\/08\/DSC_0128-2-150x150.jpg\" class=\"attachment-thumbnail size-thumbnail\" alt=\"\" \/><\/a>\n\t\t\t<\/div><\/figure><figure class='gallery-item'>\n\t\t\t<div class='gallery-icon landscape'>\n\t\t\t\t<a href='https:\/\/fundacjadomkultury.pl\/en\/wp-content\/uploads\/2019\/08\/DSC_0096.jpg' rel=\"lightbox[gallery-0]\"><img loading=\"lazy\" decoding=\"async\" width=\"150\" height=\"150\" src=\"https:\/\/fundacjadomkultury.pl\/en\/wp-content\/uploads\/2019\/08\/DSC_0096-150x150.jpg\" class=\"attachment-thumbnail size-thumbnail\" alt=\"\" \/><\/a>\n\t\t\t<\/div><\/figure><figure class='gallery-item'>\n\t\t\t<div class='gallery-icon landscape'>\n\t\t\t\t<a href='https:\/\/fundacjadomkultury.pl\/en\/wp-content\/uploads\/2019\/08\/DSC_0073.jpg' rel=\"lightbox[gallery-0]\"><img loading=\"lazy\" decoding=\"async\" width=\"150\" height=\"150\" src=\"https:\/\/fundacjadomkultury.pl\/en\/wp-content\/uploads\/2019\/08\/DSC_0073-150x150.jpg\" class=\"attachment-thumbnail size-thumbnail\" alt=\"\" \/><\/a>\n\t\t\t<\/div><\/figure><figure class='gallery-item'>\n\t\t\t<div class='gallery-icon landscape'>\n\t\t\t\t<a href='https:\/\/fundacjadomkultury.pl\/en\/wp-content\/uploads\/2019\/08\/1-DSC_0869.jpg' rel=\"lightbox[gallery-0]\"><img loading=\"lazy\" decoding=\"async\" width=\"150\" height=\"150\" src=\"https:\/\/fundacjadomkultury.pl\/en\/wp-content\/uploads\/2019\/08\/1-DSC_0869-150x150.jpg\" class=\"attachment-thumbnail size-thumbnail\" alt=\"\" \/><\/a>\n\t\t\t<\/div><\/figure><figure class='gallery-item'>\n\t\t\t<div class='gallery-icon landscape'>\n\t\t\t\t<a href='https:\/\/fundacjadomkultury.pl\/en\/wp-content\/uploads\/2019\/08\/02-DSC_0921-1.jpg' rel=\"lightbox[gallery-0]\"><img loading=\"lazy\" decoding=\"async\" width=\"150\" height=\"150\" src=\"https:\/\/fundacjadomkultury.pl\/en\/wp-content\/uploads\/2019\/08\/02-DSC_0921-1-150x150.jpg\" class=\"attachment-thumbnail size-thumbnail\" alt=\"\" \/><\/a>\n\t\t\t<\/div><\/figure><figure class='gallery-item'>\n\t\t\t<div class='gallery-icon landscape'>\n\t\t\t\t<a href='https:\/\/fundacjadomkultury.pl\/en\/wp-content\/uploads\/2019\/08\/05-DSC_0927.jpg' rel=\"lightbox[gallery-0]\"><img loading=\"lazy\" decoding=\"async\" width=\"150\" height=\"150\" src=\"https:\/\/fundacjadomkultury.pl\/en\/wp-content\/uploads\/2019\/08\/05-DSC_0927-150x150.jpg\" class=\"attachment-thumbnail size-thumbnail\" alt=\"\" \/><\/a>\n\t\t\t<\/div><\/figure><figure class='gallery-item'>\n\t\t\t<div class='gallery-icon landscape'>\n\t\t\t\t<a href='https:\/\/fundacjadomkultury.pl\/en\/wp-content\/uploads\/2019\/08\/05-DSC_0927-1.jpg' rel=\"lightbox[gallery-0]\"><img loading=\"lazy\" decoding=\"async\" width=\"150\" height=\"150\" src=\"https:\/\/fundacjadomkultury.pl\/en\/wp-content\/uploads\/2019\/08\/05-DSC_0927-1-150x150.jpg\" class=\"attachment-thumbnail size-thumbnail\" alt=\"\" \/><\/a>\n\t\t\t<\/div><\/figure><figure class='gallery-item'>\n\t\t\t<div class='gallery-icon landscape'>\n\t\t\t\t<a href='https:\/\/fundacjadomkultury.pl\/en\/wp-content\/uploads\/2019\/08\/08-DSC_0940.jpg' rel=\"lightbox[gallery-0]\"><img loading=\"lazy\" decoding=\"async\" width=\"150\" height=\"150\" src=\"https:\/\/fundacjadomkultury.pl\/en\/wp-content\/uploads\/2019\/08\/08-DSC_0940-150x150.jpg\" class=\"attachment-thumbnail size-thumbnail\" alt=\"\" \/><\/a>\n\t\t\t<\/div><\/figure><figure class='gallery-item'>\n\t\t\t<div class='gallery-icon landscape'>\n\t\t\t\t<a href='https:\/\/fundacjadomkultury.pl\/en\/wp-content\/uploads\/2019\/08\/08-DSC_0940-1.jpg' rel=\"lightbox[gallery-0]\"><img loading=\"lazy\" decoding=\"async\" width=\"150\" height=\"150\" src=\"https:\/\/fundacjadomkultury.pl\/en\/wp-content\/uploads\/2019\/08\/08-DSC_0940-1-150x150.jpg\" class=\"attachment-thumbnail size-thumbnail\" alt=\"\" \/><\/a>\n\t\t\t<\/div><\/figure><figure class='gallery-item'>\n\t\t\t<div class='gallery-icon landscape'>\n\t\t\t\t<a href='https:\/\/fundacjadomkultury.pl\/en\/wp-content\/uploads\/2019\/08\/11-DSC_0943.jpg' rel=\"lightbox[gallery-0]\"><img loading=\"lazy\" decoding=\"async\" width=\"150\" height=\"150\" src=\"https:\/\/fundacjadomkultury.pl\/en\/wp-content\/uploads\/2019\/08\/11-DSC_0943-150x150.jpg\" class=\"attachment-thumbnail size-thumbnail\" alt=\"\" \/><\/a>\n\t\t\t<\/div><\/figure><figure class='gallery-item'>\n\t\t\t<div class='gallery-icon landscape'>\n\t\t\t\t<a href='https:\/\/fundacjadomkultury.pl\/en\/wp-content\/uploads\/2019\/08\/02-DSC_0921.jpg' rel=\"lightbox[gallery-0]\"><img loading=\"lazy\" decoding=\"async\" width=\"150\" height=\"150\" src=\"https:\/\/fundacjadomkultury.pl\/en\/wp-content\/uploads\/2019\/08\/02-DSC_0921-150x150.jpg\" class=\"attachment-thumbnail size-thumbnail\" alt=\"\" \/><\/a>\n\t\t\t<\/div><\/figure>\n\t\t<\/div>\n<\/div>\n<div id=\"panel-2948-0-0-2\" class=\"so-panel widget widget_media_video\" data-index=\"2\" data-style=\"{&quot;background_image_attachment&quot;:false,&quot;background_display&quot;:&quot;tile&quot;}\" ><div style=\"width:100%;\" class=\"wp-video\"><video class=\"wp-video-shortcode\" id=\"video-2948-1\" preload=\"metadata\" controls=\"controls\"><source type=\"video\/youtube\" src=\"https:\/\/www.youtube.com\/watch?time_continue=7&#038;v=yHGfvxAANPo&#038;_=1\" \/><a href=\"https:\/\/www.youtube.com\/watch?time_continue=7&#038;v=yHGfvxAANPo\">https:\/\/www.youtube.com\/watch?time_continue=7&#038;v=yHGfvxAANPo<\/a><\/video><\/div><\/div>\n<div id=\"panel-2948-0-0-3\" class=\"so-panel widget widget_media_video\" data-index=\"3\" data-style=\"{&quot;background_image_attachment&quot;:false,&quot;background_display&quot;:&quot;tile&quot;}\" ><\/div>\n<div id=\"panel-2948-0-0-4\" class=\"so-panel widget widget_text panel-last-child\" data-index=\"4\" data-style=\"{&quot;background_image_attachment&quot;:false,&quot;background_display&quot;:&quot;tile&quot;}\" >\n<div class=\"textwidget\">\n<p><img loading=\"lazy\" decoding=\"async\" class=\"alignnone size-medium wp-image-1121\" src=\"http:\/\/fundacjadomkultury.pl\/wp-content\/uploads\/mswia-300x125.png\" alt=\"\" width=\"300\" height=\"125\" \/><img loading=\"lazy\" decoding=\"async\" class=\"alignnone size-medium wp-image-557\" src=\"http:\/\/fundacjadomkultury.pl\/wp-content\/uploads\/Beznazwy-2-300x157.jpg\" alt=\"\" width=\"300\" height=\"157\" \/><img loading=\"lazy\" decoding=\"async\" class=\"alignnone wp-image-569 size-thumbnail\" src=\"http:\/\/fundacjadomkultury.pl\/wp-content\/uploads\/Jame-Roma-3-150x150.jpg\" alt=\"\" width=\"150\" height=\"150\" \/><\/p>\n<\/div><\/div>\n<\/div>\n<\/div>\n<\/div>\n","protected":false},"excerpt":{"rendered":"<p>W ramach tego projektu dzieci romskie poznawa\u0142y swoje dziedzictwo kulturowe. Przez prawie p\u00f3\u0142 roku wsp\u00f3lnie z &hellip; <a href=\"https:\/\/fundacjadomkultury.pl\/en\/jame-roma-my-romowie\/\" class=\"more-link\">Czytaj dalej<span class=\"screen-reader-text\"> \u201eJame Roma (My, Romowie)\u201d<\/span><\/a><\/p>\n","protected":false},"author":1,"featured_media":0,"parent":0,"menu_order":0,"comment_status":"closed","ping_status":"closed","template":"","meta":{"footnotes":""},"class_list":["post-2948","page","type-page","status-publish","hentry"],"yoast_head":"<!-- This site is optimized with the Yoast SEO plugin v27.6 - https:\/\/yoast.com\/product\/yoast-seo-wordpress\/ -->\n<title>Jame Roma (My, Romowie) - Fundacja Dom Kultury<\/title>\n<meta name=\"robots\" content=\"index, follow, max-snippet:-1, max-image-preview:large, max-video-preview:-1\" \/>\n<link rel=\"canonical\" href=\"https:\/\/fundacjadomkultury.pl\/en\/jame-roma-my-romowie\/\" \/>\n<meta property=\"og:locale\" content=\"pl_PL\" \/>\n<meta property=\"og:type\" content=\"article\" \/>\n<meta property=\"og:title\" content=\"Jame Roma (My, Romowie) - Fundacja Dom Kultury\" \/>\n<meta property=\"og:description\" content=\"W ramach tego projektu dzieci romskie poznawa\u0142y swoje dziedzictwo kulturowe. Przez prawie p\u00f3\u0142 roku wsp\u00f3lnie z &hellip; Czytaj dalej \u201eJame Roma (My, Romowie)\u201d\" \/>\n<meta property=\"og:url\" content=\"https:\/\/fundacjadomkultury.pl\/en\/jame-roma-my-romowie\/\" \/>\n<meta property=\"og:site_name\" content=\"Fundacja Dom Kultury\" \/>\n<meta property=\"og:image\" content=\"http:\/\/fundacjadomkultury.pl\/wp-content\/uploads\/mswia-300x125.png\" \/>\n<meta name=\"twitter:card\" content=\"summary_large_image\" \/>\n<meta name=\"twitter:label1\" content=\"Szacowany czas czytania\" \/>\n\t<meta name=\"twitter:data1\" content=\"1 minuta\" \/>\n<script type=\"application\/ld+json\" class=\"yoast-schema-graph\">{\"@context\":\"https:\\\/\\\/schema.org\",\"@graph\":[{\"@type\":\"WebPage\",\"@id\":\"https:\\\/\\\/fundacjadomkultury.pl\\\/en\\\/jame-roma-my-romowie\\\/\",\"url\":\"https:\\\/\\\/fundacjadomkultury.pl\\\/en\\\/jame-roma-my-romowie\\\/\",\"name\":\"Jame Roma (My, Romowie) - Fundacja Dom Kultury\",\"isPartOf\":{\"@id\":\"https:\\\/\\\/fundacjadomkultury.pl\\\/en\\\/#website\"},\"primaryImageOfPage\":{\"@id\":\"https:\\\/\\\/fundacjadomkultury.pl\\\/en\\\/jame-roma-my-romowie\\\/#primaryimage\"},\"image\":{\"@id\":\"https:\\\/\\\/fundacjadomkultury.pl\\\/en\\\/jame-roma-my-romowie\\\/#primaryimage\"},\"thumbnailUrl\":\"http:\\\/\\\/fundacjadomkultury.pl\\\/wp-content\\\/uploads\\\/mswia-300x125.png\",\"datePublished\":\"2019-08-10T15:55:24+00:00\",\"breadcrumb\":{\"@id\":\"https:\\\/\\\/fundacjadomkultury.pl\\\/en\\\/jame-roma-my-romowie\\\/#breadcrumb\"},\"inLanguage\":\"pl-PL\",\"potentialAction\":[{\"@type\":\"ReadAction\",\"target\":[\"https:\\\/\\\/fundacjadomkultury.pl\\\/en\\\/jame-roma-my-romowie\\\/\"]}]},{\"@type\":\"ImageObject\",\"inLanguage\":\"pl-PL\",\"@id\":\"https:\\\/\\\/fundacjadomkultury.pl\\\/en\\\/jame-roma-my-romowie\\\/#primaryimage\",\"url\":\"http:\\\/\\\/fundacjadomkultury.pl\\\/wp-content\\\/uploads\\\/mswia-300x125.png\",\"contentUrl\":\"http:\\\/\\\/fundacjadomkultury.pl\\\/wp-content\\\/uploads\\\/mswia-300x125.png\"},{\"@type\":\"BreadcrumbList\",\"@id\":\"https:\\\/\\\/fundacjadomkultury.pl\\\/en\\\/jame-roma-my-romowie\\\/#breadcrumb\",\"itemListElement\":[{\"@type\":\"ListItem\",\"position\":1,\"name\":\"Strona g\u0142\u00f3wna\",\"item\":\"https:\\\/\\\/fundacjadomkultury.pl\\\/en\\\/\"},{\"@type\":\"ListItem\",\"position\":2,\"name\":\"Jame Roma (My, Romowie)\"}]},{\"@type\":\"WebSite\",\"@id\":\"https:\\\/\\\/fundacjadomkultury.pl\\\/en\\\/#website\",\"url\":\"https:\\\/\\\/fundacjadomkultury.pl\\\/en\\\/\",\"name\":\"Fundacja Dom Kultury\",\"description\":\"Kolejna witryna oparta na WordPressie\",\"potentialAction\":[{\"@type\":\"SearchAction\",\"target\":{\"@type\":\"EntryPoint\",\"urlTemplate\":\"https:\\\/\\\/fundacjadomkultury.pl\\\/en\\\/?s={search_term_string}\"},\"query-input\":{\"@type\":\"PropertyValueSpecification\",\"valueRequired\":true,\"valueName\":\"search_term_string\"}}],\"inLanguage\":\"pl-PL\"}]}<\/script>\n<!-- \/ Yoast SEO plugin. -->","yoast_head_json":{"title":"Jame Roma (My, Romowie) - Fundacja Dom Kultury","robots":{"index":"index","follow":"follow","max-snippet":"max-snippet:-1","max-image-preview":"max-image-preview:large","max-video-preview":"max-video-preview:-1"},"canonical":"https:\/\/fundacjadomkultury.pl\/en\/jame-roma-my-romowie\/","og_locale":"pl_PL","og_type":"article","og_title":"Jame Roma (My, Romowie) - Fundacja Dom Kultury","og_description":"W ramach tego projektu dzieci romskie poznawa\u0142y swoje dziedzictwo kulturowe. Przez prawie p\u00f3\u0142 roku wsp\u00f3lnie z &hellip; Czytaj dalej \u201eJame Roma (My, Romowie)\u201d","og_url":"https:\/\/fundacjadomkultury.pl\/en\/jame-roma-my-romowie\/","og_site_name":"Fundacja Dom Kultury","og_image":[{"url":"http:\/\/fundacjadomkultury.pl\/wp-content\/uploads\/mswia-300x125.png","type":"","width":"","height":""}],"twitter_card":"summary_large_image","twitter_misc":{"Szacowany czas czytania":"1 minuta"},"schema":{"@context":"https:\/\/schema.org","@graph":[{"@type":"WebPage","@id":"https:\/\/fundacjadomkultury.pl\/en\/jame-roma-my-romowie\/","url":"https:\/\/fundacjadomkultury.pl\/en\/jame-roma-my-romowie\/","name":"Jame Roma (My, Romowie) - Fundacja Dom Kultury","isPartOf":{"@id":"https:\/\/fundacjadomkultury.pl\/en\/#website"},"primaryImageOfPage":{"@id":"https:\/\/fundacjadomkultury.pl\/en\/jame-roma-my-romowie\/#primaryimage"},"image":{"@id":"https:\/\/fundacjadomkultury.pl\/en\/jame-roma-my-romowie\/#primaryimage"},"thumbnailUrl":"http:\/\/fundacjadomkultury.pl\/wp-content\/uploads\/mswia-300x125.png","datePublished":"2019-08-10T15:55:24+00:00","breadcrumb":{"@id":"https:\/\/fundacjadomkultury.pl\/en\/jame-roma-my-romowie\/#breadcrumb"},"inLanguage":"pl-PL","potentialAction":[{"@type":"ReadAction","target":["https:\/\/fundacjadomkultury.pl\/en\/jame-roma-my-romowie\/"]}]},{"@type":"ImageObject","inLanguage":"pl-PL","@id":"https:\/\/fundacjadomkultury.pl\/en\/jame-roma-my-romowie\/#primaryimage","url":"http:\/\/fundacjadomkultury.pl\/wp-content\/uploads\/mswia-300x125.png","contentUrl":"http:\/\/fundacjadomkultury.pl\/wp-content\/uploads\/mswia-300x125.png"},{"@type":"BreadcrumbList","@id":"https:\/\/fundacjadomkultury.pl\/en\/jame-roma-my-romowie\/#breadcrumb","itemListElement":[{"@type":"ListItem","position":1,"name":"Strona g\u0142\u00f3wna","item":"https:\/\/fundacjadomkultury.pl\/en\/"},{"@type":"ListItem","position":2,"name":"Jame Roma (My, Romowie)"}]},{"@type":"WebSite","@id":"https:\/\/fundacjadomkultury.pl\/en\/#website","url":"https:\/\/fundacjadomkultury.pl\/en\/","name":"Fundacja Dom Kultury","description":"Kolejna witryna oparta na WordPressie","potentialAction":[{"@type":"SearchAction","target":{"@type":"EntryPoint","urlTemplate":"https:\/\/fundacjadomkultury.pl\/en\/?s={search_term_string}"},"query-input":{"@type":"PropertyValueSpecification","valueRequired":true,"valueName":"search_term_string"}}],"inLanguage":"pl-PL"}]}},"_links":{"self":[{"href":"https:\/\/fundacjadomkultury.pl\/en\/wp-json\/wp\/v2\/pages\/2948","targetHints":{"allow":["GET"]}}],"collection":[{"href":"https:\/\/fundacjadomkultury.pl\/en\/wp-json\/wp\/v2\/pages"}],"about":[{"href":"https:\/\/fundacjadomkultury.pl\/en\/wp-json\/wp\/v2\/types\/page"}],"author":[{"embeddable":true,"href":"https:\/\/fundacjadomkultury.pl\/en\/wp-json\/wp\/v2\/users\/1"}],"replies":[{"embeddable":true,"href":"https:\/\/fundacjadomkultury.pl\/en\/wp-json\/wp\/v2\/comments?post=2948"}],"version-history":[{"count":0,"href":"https:\/\/fundacjadomkultury.pl\/en\/wp-json\/wp\/v2\/pages\/2948\/revisions"}],"wp:attachment":[{"href":"https:\/\/fundacjadomkultury.pl\/en\/wp-json\/wp\/v2\/media?parent=2948"}],"curies":[{"name":"wp","href":"https:\/\/api.w.org\/{rel}","templated":true}]}}