{"id":2874,"date":"2019-08-10T17:10:43","date_gmt":"2019-08-10T15:10:43","guid":{"rendered":"http:\/\/fundacjadomkultury.pl\/?page_id=2874"},"modified":"2019-08-10T17:10:43","modified_gmt":"2019-08-10T15:10:43","slug":"wielokulturowe-spotkania-z-duchami","status":"publish","type":"page","link":"https:\/\/fundacjadomkultury.pl\/en\/wielokulturowe-spotkania-z-duchami\/","title":{"rendered":"Wielokulturowe spotkania z duchami"},"content":{"rendered":"<div id=\"pl-2874\"  class=\"panel-layout\" >\n<div id=\"pg-2874-0\"  class=\"panel-grid panel-no-style\" >\n<div id=\"pgc-2874-0-0\"  class=\"panel-grid-cell\"  data-weight=\"1\" >\n<div id=\"panel-2874-0-0-0\" class=\"so-panel widget widget_text panel-first-child\" data-index=\"0\" data-style=\"{&quot;background_image_attachment&quot;:false,&quot;background_display&quot;:&quot;tile&quot;}\" >\n<h3 class=\"widget-title\">Wielokulturowe spotkania z duchami<\/h3>\n<div class=\"textwidget\">\n<p>&nbsp;<\/p>\n<figure id=\"attachment_2876\" style=\"width: 1200px\" class=\"wp-caption alignnone\"><img loading=\"lazy\" decoding=\"async\" class=\"size-full wp-image-2876\" src=\"http:\/\/fundacjadomkultury.pl\/wp-content\/uploads\/DSC_0944.jpg\" alt=\"\" width=\"1200\" height=\"798\" \/><figcaption class=\"wp-caption-text\">Fot. Ma\u0142gorzata Brus<\/figcaption><\/figure>\n<p>To projekt, odwo\u0142uj\u0105cy si\u0119 z jednej strony do obecnego w popkulturze Halloweenu, popularnego w\u015br\u00f3d dzieci i m\u0142odzie\u017cy, a z drugiej do g\u0142\u0119bokich refleksji na temat przemijania, odchodzenia i radzenia sobie ze start\u0105 najbli\u017cszych w r\u00f3\u017cnych kulturach. Halloween jest tylko wabikiem, pretekstem, by przej\u015b\u0107 w \u015bwiat g\u0142\u0119bokich warto\u015bci.<\/p>\n<p>Projekt odwo\u0142ywa\u0142 si\u0119 do potrzeby edukacji wielokulturowej i mia\u0142 na celu zapoznanie dzieci z warszawskich szk\u00f3\u0142 z wierzeniami, tradycjami, obrz\u0119dowo\u015bci\u0105 zwi\u0105zan\u0105 z \u017cyciem pozagrobowym\u00a0 w r\u00f3\u017cnych kulturach, kt\u00f3rych przedstawiciele mieszkaj\u0105 w Warszawie.<\/p>\n<p>Zagadnienie edukacji wielokulturowej staje si\u0119 pilnym zadaniem wychowawczym. Warszawa staje si\u0119 spo\u0142eczno\u015bci\u0105 wielokulturow\u0105. Przybywaj\u0105cy tu imigranci wtapiaj\u0105 si\u0119 ze swymi tradycjami i kultur\u0105 w nasz\u0105 rzeczywisto\u015b\u0107. Ignorancja i nieznajomo\u015b\u0107 kultur i zwyczaj\u00f3w przyby\u0142ych tu os\u00f3b powoduj\u0105 postawy nietolerancji, zamkni\u0119cia, lekcewa\u017cenia i pogardy, kt\u00f3re objawiaj\u0105 si\u0119 tak\u017ce w\u015br\u00f3d dzieci, je\u015bli nie wynios\u0142y wzorc\u00f3w otwarto\u015bci z dom\u00f3w.<\/p>\n<p>Do uczestniczenia w \u201eWielokulturowych spotkaniach z duchami\u201d zaprosili\u015bmy dzieci z warszawskich szk\u00f3\u0142 podstawowych. Prelekcje o \u017cyciu pozagrobowym w kulturach poprowadzili przedstawiciele mniejszo\u015bci kulturowych:<\/p>\n<p>&#8211; kultura afryka\u0144ska \u2013 Mamadou Diouf z Senegalu<\/p>\n<p>&#8211; kultura arabska \u2013 Adriana Pali\u0144ska \u2013 Saadi i Samir Saadi z Tunezji<\/p>\n<p>&#8211; kultura romska \u2013 Agnieszka Caban.<\/p>\n<p>Prezentacje s\u0105 by\u0142y bogato ilustrowane muzycznie i graficznie, przekazywa\u0142y solidn\u0105 wiedz\u0119 i zach\u0119ca\u0142y do refleksji nad najpowa\u017cniejszymi sprawami w efektownej scenerii wielokulturowej i zaduszkowej.<\/p>\n<p>Projekt zosta\u0142\u00a0zrealizowany przez nasz\u0105 Fundacje\u00a0w 016 roku dzi\u0119ki dofinansowaniu ze \u015brodk\u00f3w m. st. Warszawy. Go\u015bci\u0142o nas Centrum Wielokulturowe.<\/p>\n<\/div><\/div>\n<div id=\"panel-2874-0-0-1\" class=\"so-panel widget widget_media_gallery\" data-index=\"1\" data-style=\"{&quot;background_image_attachment&quot;:false,&quot;background_display&quot;:&quot;tile&quot;}\" ><div id='gallery-1' class='gallery galleryid-2874 gallery-columns-3 gallery-size-thumbnail'><figure class='gallery-item'>\n\t\t\t<div class='gallery-icon landscape'>\n\t\t\t\t<a href='https:\/\/fundacjadomkultury.pl\/en\/wp-content\/uploads\/2019\/08\/DSC_0926.jpg' rel=\"lightbox[gallery-0]\"><img loading=\"lazy\" decoding=\"async\" width=\"150\" height=\"150\" src=\"https:\/\/fundacjadomkultury.pl\/en\/wp-content\/uploads\/2019\/08\/DSC_0926-150x150.jpg\" class=\"attachment-thumbnail size-thumbnail\" alt=\"\" \/><\/a>\n\t\t\t<\/div><\/figure><figure class='gallery-item'>\n\t\t\t<div class='gallery-icon landscape'>\n\t\t\t\t<a href='https:\/\/fundacjadomkultury.pl\/en\/wp-content\/uploads\/2019\/08\/DSC_0944-1.jpg' rel=\"lightbox[gallery-0]\"><img loading=\"lazy\" decoding=\"async\" width=\"150\" height=\"150\" src=\"https:\/\/fundacjadomkultury.pl\/en\/wp-content\/uploads\/2019\/08\/DSC_0944-1-150x150.jpg\" class=\"attachment-thumbnail size-thumbnail\" alt=\"\" \/><\/a>\n\t\t\t<\/div><\/figure><figure class='gallery-item'>\n\t\t\t<div class='gallery-icon landscape'>\n\t\t\t\t<a href='https:\/\/fundacjadomkultury.pl\/en\/wp-content\/uploads\/2019\/08\/DSC_0964.jpg' rel=\"lightbox[gallery-0]\"><img loading=\"lazy\" decoding=\"async\" width=\"150\" height=\"150\" src=\"https:\/\/fundacjadomkultury.pl\/en\/wp-content\/uploads\/2019\/08\/DSC_0964-150x150.jpg\" class=\"attachment-thumbnail size-thumbnail\" alt=\"\" \/><\/a>\n\t\t\t<\/div><\/figure><figure class='gallery-item'>\n\t\t\t<div class='gallery-icon landscape'>\n\t\t\t\t<a href='https:\/\/fundacjadomkultury.pl\/en\/wp-content\/uploads\/2019\/08\/DSC_0955.jpg' rel=\"lightbox[gallery-0]\"><img loading=\"lazy\" decoding=\"async\" width=\"150\" height=\"150\" src=\"https:\/\/fundacjadomkultury.pl\/en\/wp-content\/uploads\/2019\/08\/DSC_0955-150x150.jpg\" class=\"attachment-thumbnail size-thumbnail\" alt=\"\" \/><\/a>\n\t\t\t<\/div><\/figure><figure class='gallery-item'>\n\t\t\t<div class='gallery-icon landscape'>\n\t\t\t\t<a href='https:\/\/fundacjadomkultury.pl\/en\/wp-content\/uploads\/2019\/08\/DSC_0983.jpg' rel=\"lightbox[gallery-0]\"><img loading=\"lazy\" decoding=\"async\" width=\"150\" height=\"150\" src=\"https:\/\/fundacjadomkultury.pl\/en\/wp-content\/uploads\/2019\/08\/DSC_0983-150x150.jpg\" class=\"attachment-thumbnail size-thumbnail\" alt=\"\" \/><\/a>\n\t\t\t<\/div><\/figure><figure class='gallery-item'>\n\t\t\t<div class='gallery-icon landscape'>\n\t\t\t\t<a href='https:\/\/fundacjadomkultury.pl\/en\/wp-content\/uploads\/2019\/08\/DSC_1004.jpg' rel=\"lightbox[gallery-0]\"><img loading=\"lazy\" decoding=\"async\" width=\"150\" height=\"150\" src=\"https:\/\/fundacjadomkultury.pl\/en\/wp-content\/uploads\/2019\/08\/DSC_1004-150x150.jpg\" class=\"attachment-thumbnail size-thumbnail\" alt=\"\" \/><\/a>\n\t\t\t<\/div><\/figure><figure class='gallery-item'>\n\t\t\t<div class='gallery-icon landscape'>\n\t\t\t\t<a href='https:\/\/fundacjadomkultury.pl\/en\/wp-content\/uploads\/2019\/08\/DSC_1020.jpg' rel=\"lightbox[gallery-0]\"><img loading=\"lazy\" decoding=\"async\" width=\"150\" height=\"150\" src=\"https:\/\/fundacjadomkultury.pl\/en\/wp-content\/uploads\/2019\/08\/DSC_1020-150x150.jpg\" class=\"attachment-thumbnail size-thumbnail\" alt=\"\" \/><\/a>\n\t\t\t<\/div><\/figure><figure class='gallery-item'>\n\t\t\t<div class='gallery-icon landscape'>\n\t\t\t\t<a href='https:\/\/fundacjadomkultury.pl\/en\/wp-content\/uploads\/2019\/08\/DSC_1065.jpg' rel=\"lightbox[gallery-0]\"><img loading=\"lazy\" decoding=\"async\" width=\"150\" height=\"150\" src=\"https:\/\/fundacjadomkultury.pl\/en\/wp-content\/uploads\/2019\/08\/DSC_1065-150x150.jpg\" class=\"attachment-thumbnail size-thumbnail\" alt=\"\" \/><\/a>\n\t\t\t<\/div><\/figure><figure class='gallery-item'>\n\t\t\t<div class='gallery-icon landscape'>\n\t\t\t\t<a href='https:\/\/fundacjadomkultury.pl\/en\/wp-content\/uploads\/2019\/08\/DSC_1095-1.jpg' rel=\"lightbox[gallery-0]\"><img loading=\"lazy\" decoding=\"async\" width=\"150\" height=\"150\" src=\"https:\/\/fundacjadomkultury.pl\/en\/wp-content\/uploads\/2019\/08\/DSC_1095-1-150x150.jpg\" class=\"attachment-thumbnail size-thumbnail\" alt=\"\" \/><\/a>\n\t\t\t<\/div><\/figure><figure class='gallery-item'>\n\t\t\t<div class='gallery-icon landscape'>\n\t\t\t\t<a href='https:\/\/fundacjadomkultury.pl\/en\/wp-content\/uploads\/2019\/08\/DSC_1065-1.jpg' rel=\"lightbox[gallery-0]\"><img loading=\"lazy\" decoding=\"async\" width=\"150\" height=\"150\" src=\"https:\/\/fundacjadomkultury.pl\/en\/wp-content\/uploads\/2019\/08\/DSC_1065-1-150x150.jpg\" class=\"attachment-thumbnail size-thumbnail\" alt=\"\" \/><\/a>\n\t\t\t<\/div><\/figure><figure class='gallery-item'>\n\t\t\t<div class='gallery-icon landscape'>\n\t\t\t\t<a href='https:\/\/fundacjadomkultury.pl\/en\/wp-content\/uploads\/2019\/08\/DSC_0415.jpg' rel=\"lightbox[gallery-0]\"><img loading=\"lazy\" decoding=\"async\" width=\"150\" height=\"150\" src=\"https:\/\/fundacjadomkultury.pl\/en\/wp-content\/uploads\/2019\/08\/DSC_0415-150x150.jpg\" class=\"attachment-thumbnail size-thumbnail\" alt=\"\" \/><\/a>\n\t\t\t<\/div><\/figure><figure class='gallery-item'>\n\t\t\t<div class='gallery-icon landscape'>\n\t\t\t\t<a href='https:\/\/fundacjadomkultury.pl\/en\/wp-content\/uploads\/2019\/08\/DSC_1069.jpg' rel=\"lightbox[gallery-0]\"><img loading=\"lazy\" decoding=\"async\" width=\"150\" height=\"150\" src=\"https:\/\/fundacjadomkultury.pl\/en\/wp-content\/uploads\/2019\/08\/DSC_1069-150x150.jpg\" class=\"attachment-thumbnail size-thumbnail\" alt=\"\" \/><\/a>\n\t\t\t<\/div><\/figure>\n\t\t<\/div>\n<\/div>\n<div id=\"panel-2874-0-0-2\" class=\"so-panel widget widget_text panel-last-child\" data-index=\"2\" data-style=\"{&quot;background_image_attachment&quot;:false,&quot;background_display&quot;:&quot;tile&quot;}\" >\n<div class=\"textwidget\">\n<p><img loading=\"lazy\" decoding=\"async\" class=\"alignnone size-full wp-image-864\" src=\"http:\/\/fundacjadomkultury.pl\/wp-content\/uploads\/logo_biale_wspolfinansowanie-e1551429613978.png\" alt=\"\" width=\"150\" height=\"163\" \/><img loading=\"lazy\" decoding=\"async\" class=\"alignnone size-full wp-image-557\" src=\"http:\/\/fundacjadomkultury.pl\/wp-content\/uploads\/Beznazwy-2-e1550424882983.jpg\" alt=\"\" width=\"150\" height=\"79\" \/><img loading=\"lazy\" decoding=\"async\" class=\"alignnone size-thumbnail wp-image-2905\" src=\"http:\/\/fundacjadomkultury.pl\/wp-content\/uploads\/logo-zaduszki-multikulturowe-1-150x150.jpg\" alt=\"\" width=\"150\" height=\"150\" \/><\/p>\n<\/div><\/div>\n<\/div>\n<\/div>\n<\/div>\n","protected":false},"excerpt":{"rendered":"<p>Wielokulturowe spotkania z duchami &nbsp; Fot. Ma\u0142gorzata Brus To projekt, odwo\u0142uj\u0105cy si\u0119 z jednej strony do &hellip; <a href=\"https:\/\/fundacjadomkultury.pl\/en\/wielokulturowe-spotkania-z-duchami\/\" class=\"more-link\">Czytaj dalej<span class=\"screen-reader-text\"> \u201eWielokulturowe spotkania z duchami\u201d<\/span><\/a><\/p>\n","protected":false},"author":1,"featured_media":0,"parent":0,"menu_order":0,"comment_status":"closed","ping_status":"closed","template":"","meta":{"footnotes":""},"class_list":["post-2874","page","type-page","status-publish","hentry"],"yoast_head":"<!-- This site is optimized with the Yoast SEO plugin v27.6 - https:\/\/yoast.com\/product\/yoast-seo-wordpress\/ -->\n<title>Wielokulturowe spotkania z duchami - Fundacja Dom Kultury<\/title>\n<meta name=\"robots\" content=\"index, follow, max-snippet:-1, max-image-preview:large, max-video-preview:-1\" \/>\n<link rel=\"canonical\" href=\"https:\/\/fundacjadomkultury.pl\/en\/wielokulturowe-spotkania-z-duchami\/\" \/>\n<meta property=\"og:locale\" content=\"pl_PL\" \/>\n<meta property=\"og:type\" content=\"article\" \/>\n<meta property=\"og:title\" content=\"Wielokulturowe spotkania z duchami - Fundacja Dom Kultury\" \/>\n<meta property=\"og:description\" content=\"Wielokulturowe spotkania z duchami &nbsp; Fot. Ma\u0142gorzata Brus To projekt, odwo\u0142uj\u0105cy si\u0119 z jednej strony do &hellip; Czytaj dalej \u201eWielokulturowe spotkania z duchami\u201d\" \/>\n<meta property=\"og:url\" content=\"https:\/\/fundacjadomkultury.pl\/en\/wielokulturowe-spotkania-z-duchami\/\" \/>\n<meta property=\"og:site_name\" content=\"Fundacja Dom Kultury\" \/>\n<meta property=\"og:image\" content=\"http:\/\/fundacjadomkultury.pl\/wp-content\/uploads\/DSC_0944.jpg\" \/>\n<meta name=\"twitter:card\" content=\"summary_large_image\" \/>\n<meta name=\"twitter:label1\" content=\"Szacowany czas czytania\" \/>\n\t<meta name=\"twitter:data1\" content=\"1 minuta\" \/>\n<script type=\"application\/ld+json\" class=\"yoast-schema-graph\">{\"@context\":\"https:\\\/\\\/schema.org\",\"@graph\":[{\"@type\":\"WebPage\",\"@id\":\"https:\\\/\\\/fundacjadomkultury.pl\\\/en\\\/wielokulturowe-spotkania-z-duchami\\\/\",\"url\":\"https:\\\/\\\/fundacjadomkultury.pl\\\/en\\\/wielokulturowe-spotkania-z-duchami\\\/\",\"name\":\"Wielokulturowe spotkania z duchami - Fundacja Dom Kultury\",\"isPartOf\":{\"@id\":\"https:\\\/\\\/fundacjadomkultury.pl\\\/en\\\/#website\"},\"primaryImageOfPage\":{\"@id\":\"https:\\\/\\\/fundacjadomkultury.pl\\\/en\\\/wielokulturowe-spotkania-z-duchami\\\/#primaryimage\"},\"image\":{\"@id\":\"https:\\\/\\\/fundacjadomkultury.pl\\\/en\\\/wielokulturowe-spotkania-z-duchami\\\/#primaryimage\"},\"thumbnailUrl\":\"http:\\\/\\\/fundacjadomkultury.pl\\\/wp-content\\\/uploads\\\/DSC_0944.jpg\",\"datePublished\":\"2019-08-10T15:10:43+00:00\",\"breadcrumb\":{\"@id\":\"https:\\\/\\\/fundacjadomkultury.pl\\\/en\\\/wielokulturowe-spotkania-z-duchami\\\/#breadcrumb\"},\"inLanguage\":\"pl-PL\",\"potentialAction\":[{\"@type\":\"ReadAction\",\"target\":[\"https:\\\/\\\/fundacjadomkultury.pl\\\/en\\\/wielokulturowe-spotkania-z-duchami\\\/\"]}]},{\"@type\":\"ImageObject\",\"inLanguage\":\"pl-PL\",\"@id\":\"https:\\\/\\\/fundacjadomkultury.pl\\\/en\\\/wielokulturowe-spotkania-z-duchami\\\/#primaryimage\",\"url\":\"http:\\\/\\\/fundacjadomkultury.pl\\\/wp-content\\\/uploads\\\/DSC_0944.jpg\",\"contentUrl\":\"http:\\\/\\\/fundacjadomkultury.pl\\\/wp-content\\\/uploads\\\/DSC_0944.jpg\"},{\"@type\":\"BreadcrumbList\",\"@id\":\"https:\\\/\\\/fundacjadomkultury.pl\\\/en\\\/wielokulturowe-spotkania-z-duchami\\\/#breadcrumb\",\"itemListElement\":[{\"@type\":\"ListItem\",\"position\":1,\"name\":\"Strona g\u0142\u00f3wna\",\"item\":\"https:\\\/\\\/fundacjadomkultury.pl\\\/en\\\/\"},{\"@type\":\"ListItem\",\"position\":2,\"name\":\"Wielokulturowe spotkania z duchami\"}]},{\"@type\":\"WebSite\",\"@id\":\"https:\\\/\\\/fundacjadomkultury.pl\\\/en\\\/#website\",\"url\":\"https:\\\/\\\/fundacjadomkultury.pl\\\/en\\\/\",\"name\":\"Fundacja Dom Kultury\",\"description\":\"Kolejna witryna oparta na WordPressie\",\"potentialAction\":[{\"@type\":\"SearchAction\",\"target\":{\"@type\":\"EntryPoint\",\"urlTemplate\":\"https:\\\/\\\/fundacjadomkultury.pl\\\/en\\\/?s={search_term_string}\"},\"query-input\":{\"@type\":\"PropertyValueSpecification\",\"valueRequired\":true,\"valueName\":\"search_term_string\"}}],\"inLanguage\":\"pl-PL\"}]}<\/script>\n<!-- \/ Yoast SEO plugin. -->","yoast_head_json":{"title":"Wielokulturowe spotkania z duchami - Fundacja Dom Kultury","robots":{"index":"index","follow":"follow","max-snippet":"max-snippet:-1","max-image-preview":"max-image-preview:large","max-video-preview":"max-video-preview:-1"},"canonical":"https:\/\/fundacjadomkultury.pl\/en\/wielokulturowe-spotkania-z-duchami\/","og_locale":"pl_PL","og_type":"article","og_title":"Wielokulturowe spotkania z duchami - Fundacja Dom Kultury","og_description":"Wielokulturowe spotkania z duchami &nbsp; Fot. Ma\u0142gorzata Brus To projekt, odwo\u0142uj\u0105cy si\u0119 z jednej strony do &hellip; Czytaj dalej \u201eWielokulturowe spotkania z duchami\u201d","og_url":"https:\/\/fundacjadomkultury.pl\/en\/wielokulturowe-spotkania-z-duchami\/","og_site_name":"Fundacja Dom Kultury","og_image":[{"url":"http:\/\/fundacjadomkultury.pl\/wp-content\/uploads\/DSC_0944.jpg","type":"","width":"","height":""}],"twitter_card":"summary_large_image","twitter_misc":{"Szacowany czas czytania":"1 minuta"},"schema":{"@context":"https:\/\/schema.org","@graph":[{"@type":"WebPage","@id":"https:\/\/fundacjadomkultury.pl\/en\/wielokulturowe-spotkania-z-duchami\/","url":"https:\/\/fundacjadomkultury.pl\/en\/wielokulturowe-spotkania-z-duchami\/","name":"Wielokulturowe spotkania z duchami - Fundacja Dom Kultury","isPartOf":{"@id":"https:\/\/fundacjadomkultury.pl\/en\/#website"},"primaryImageOfPage":{"@id":"https:\/\/fundacjadomkultury.pl\/en\/wielokulturowe-spotkania-z-duchami\/#primaryimage"},"image":{"@id":"https:\/\/fundacjadomkultury.pl\/en\/wielokulturowe-spotkania-z-duchami\/#primaryimage"},"thumbnailUrl":"http:\/\/fundacjadomkultury.pl\/wp-content\/uploads\/DSC_0944.jpg","datePublished":"2019-08-10T15:10:43+00:00","breadcrumb":{"@id":"https:\/\/fundacjadomkultury.pl\/en\/wielokulturowe-spotkania-z-duchami\/#breadcrumb"},"inLanguage":"pl-PL","potentialAction":[{"@type":"ReadAction","target":["https:\/\/fundacjadomkultury.pl\/en\/wielokulturowe-spotkania-z-duchami\/"]}]},{"@type":"ImageObject","inLanguage":"pl-PL","@id":"https:\/\/fundacjadomkultury.pl\/en\/wielokulturowe-spotkania-z-duchami\/#primaryimage","url":"http:\/\/fundacjadomkultury.pl\/wp-content\/uploads\/DSC_0944.jpg","contentUrl":"http:\/\/fundacjadomkultury.pl\/wp-content\/uploads\/DSC_0944.jpg"},{"@type":"BreadcrumbList","@id":"https:\/\/fundacjadomkultury.pl\/en\/wielokulturowe-spotkania-z-duchami\/#breadcrumb","itemListElement":[{"@type":"ListItem","position":1,"name":"Strona g\u0142\u00f3wna","item":"https:\/\/fundacjadomkultury.pl\/en\/"},{"@type":"ListItem","position":2,"name":"Wielokulturowe spotkania z duchami"}]},{"@type":"WebSite","@id":"https:\/\/fundacjadomkultury.pl\/en\/#website","url":"https:\/\/fundacjadomkultury.pl\/en\/","name":"Fundacja Dom Kultury","description":"Kolejna witryna oparta na WordPressie","potentialAction":[{"@type":"SearchAction","target":{"@type":"EntryPoint","urlTemplate":"https:\/\/fundacjadomkultury.pl\/en\/?s={search_term_string}"},"query-input":{"@type":"PropertyValueSpecification","valueRequired":true,"valueName":"search_term_string"}}],"inLanguage":"pl-PL"}]}},"_links":{"self":[{"href":"https:\/\/fundacjadomkultury.pl\/en\/wp-json\/wp\/v2\/pages\/2874","targetHints":{"allow":["GET"]}}],"collection":[{"href":"https:\/\/fundacjadomkultury.pl\/en\/wp-json\/wp\/v2\/pages"}],"about":[{"href":"https:\/\/fundacjadomkultury.pl\/en\/wp-json\/wp\/v2\/types\/page"}],"author":[{"embeddable":true,"href":"https:\/\/fundacjadomkultury.pl\/en\/wp-json\/wp\/v2\/users\/1"}],"replies":[{"embeddable":true,"href":"https:\/\/fundacjadomkultury.pl\/en\/wp-json\/wp\/v2\/comments?post=2874"}],"version-history":[{"count":0,"href":"https:\/\/fundacjadomkultury.pl\/en\/wp-json\/wp\/v2\/pages\/2874\/revisions"}],"wp:attachment":[{"href":"https:\/\/fundacjadomkultury.pl\/en\/wp-json\/wp\/v2\/media?parent=2874"}],"curies":[{"name":"wp","href":"https:\/\/api.w.org\/{rel}","templated":true}]}}